{"id":41,"date":"2023-02-22T10:46:35","date_gmt":"2023-02-22T09:46:35","guid":{"rendered":"https:\/\/dev.kindergaerten-obernburg.de\/sonnenhuegel\/?page_id=41"},"modified":"2026-03-31T15:40:02","modified_gmt":"2026-03-31T13:40:02","slug":"team","status":"publish","type":"page","link":"https:\/\/kindergaerten-obernburg.de\/sonnenhuegel\/team\/","title":{"rendered":"Team"},"content":{"rendered":"\n<h2 class=\"wp-block-heading\">Kita-Leitung<\/h2>\n\n\n\n<ul class=\"wp-block-list\">\n<li>Janina Scholz-Fritzsche (Leitung)<\/li>\n\n\n\n<li>Fabian Roth (Stellv. Leitung)<\/li>\n<\/ul>\n\n\n\n<h2 class=\"wp-block-heading\">Krippengruppe \u201eErdpurzler\u201c<\/h2>\n\n\n\n<ul class=\"wp-block-list\">\n<li>Cornelia Nitsche (Gruppenleitung)<\/li>\n\n\n\n<li>Raphaela Rauch (Gruppenleitung)<\/li>\n\n\n\n<li>Monika Feulner (Kinderpflegerin)<\/li>\n\n\n\n<li>Heike Schadler (Kinderpflegerin)<\/li>\n<\/ul>\n\n\n\n<h2 class=\"wp-block-heading\">Kindergartengruppen<\/h2>\n\n\n\n<h3 class=\"wp-block-heading has-obb-gruen-color has-text-color has-link-color wp-elements-e367445c8bdecd6f85f1b61cb7d55cfb\">&#8222;Sonnenk\u00e4fer&#8220;<\/h3>\n\n\n\n<ul class=\"wp-block-list\">\n<li>Andrea Ackermann (Gruppenleitung)<\/li>\n\n\n\n<li>Amelia Macedo-Lopez (Erzieherin)<\/li>\n\n\n\n<li>Jenny Waldrab (Kinderpflegerin)<\/li>\n\n\n\n<li>Isabel Griebert (Berufspraktikantin)<\/li>\n<\/ul>\n\n\n\n<h3 class=\"wp-block-heading has-obb-gruen-color has-text-color has-link-color wp-elements-a780974f87ea030590c1ad7ba5ed17fd\">&#8222;Wetterfr\u00f6sche&#8220;<\/h3>\n\n\n\n<ul class=\"wp-block-list\">\n<li>Julia Klug (Gruppenleitung)<\/li>\n\n\n\n<li>Vanessa Ferreira-\u00d6zer (Kinderpflegerin)<\/li>\n\n\n\n<li>Angela Sejdic (Individualbegleitung)<\/li>\n<\/ul>\n\n\n\n<h3 class=\"wp-block-heading has-obb-gruen-color has-text-color has-link-color wp-elements-b8e562ac50588b5e2457754eb7121d83\">&#8222;Honigbienen&#8220;<\/h3>\n\n\n\n<ul class=\"wp-block-list\">\n<li>Andrea Horn (geteilte Gruppenleitung)<\/li>\n\n\n\n<li>Ina Sievers (geteilte Gruppenleitung)<\/li>\n\n\n\n<li>Mandy Herold (Kinderpflegerin)<\/li>\n\n\n\n<li>Beate Hillerich (Assistenzkraft)<\/li>\n<\/ul>\n\n\n\n<h3 class=\"wp-block-heading has-obb-gruen-color has-text-color has-link-color wp-elements-869ec1f2e03b2fce267aa2e1addccc22\">&#8222;Wiesenh\u00fcpfer&#8220;<\/h3>\n\n\n\n<ul class=\"wp-block-list\">\n<li>Melanie Br\u00e4utigam-K\u00f6rbel (Gruppenleitung)<\/li>\n\n\n\n<li>Anna Krieger (Kinderpflegerin)<\/li>\n\n\n\n<li>Christine Unruh (Kinderpflegerin)<\/li>\n<\/ul>\n\n\n\n<ul class=\"wp-block-list\"><\/ul>\n\n\n\n<h3 class=\"wp-block-heading has-obb-gruen-color has-text-color has-link-color wp-elements-f9a148a0e71d53c944956ce5ec7f6d3a\">Gruppen\u00fcbergreifende Kr\u00e4fte:<\/h3>\n\n\n\n<ul class=\"wp-block-list\">\n<li>Max Andres (Kinderpfleger)<\/li>\n\n\n\n<li>Anette Eisert \u2013 Kettlitz (Sozialp\u00e4dagogin)<\/li>\n\n\n\n<li>Monika Marek (Erzieherin)<\/li>\n<\/ul>\n\n\n\n<h3 class=\"wp-block-heading has-obb-gruen-color has-text-color has-link-color wp-elements-0993afa4ca20b82dfe7e9179ec2cae2e\">K\u00fcchenkraft:<\/h3>\n\n\n\n<ul class=\"wp-block-list\">\n<li>Esin Erten<\/li>\n<\/ul>\n\n\n\n<h3 class=\"wp-block-heading has-obb-gruen-color has-text-color has-link-color wp-elements-72caba974d843b5231d903d67a9769d8\">Waldwichtel:<\/h3>\n\n\n\n<ul class=\"wp-block-list\">\n<li>Lisa Reis (Gruppenleitung)<\/li>\n\n\n\n<li>Fabian Roth (Erzieher)<\/li>\n\n\n\n<li>Magdalena Giegerich (Erzieherin)<\/li>\n\n\n\n<li>Liane Pfeuffer (Assistenzkraft)<\/li>\n<\/ul>\n\n\n\n<p><\/p>\n","protected":false},"excerpt":{"rendered":"<p>Kita-Leitung Krippengruppe \u201eErdpurzler\u201c Kindergartengruppen &#8222;Sonnenk\u00e4fer&#8220; &#8222;Wetterfr\u00f6sche&#8220; &#8222;Honigbienen&#8220; &#8222;Wiesenh\u00fcpfer&#8220; Gruppen\u00fcbergreifende Kr\u00e4fte: K\u00fcchenkraft: Waldwichtel:<\/p>\n","protected":false},"author":3,"featured_media":0,"parent":0,"menu_order":0,"comment_status":"closed","ping_status":"closed","template":"","meta":{"footnotes":""},"class_list":["post-41","page","type-page","status-publish"],"_links":{"self":[{"href":"https:\/\/kindergaerten-obernburg.de\/sonnenhuegel\/wp-json\/wp\/v2\/pages\/41","targetHints":{"allow":["GET"]}}],"collection":[{"href":"https:\/\/kindergaerten-obernburg.de\/sonnenhuegel\/wp-json\/wp\/v2\/pages"}],"about":[{"href":"https:\/\/kindergaerten-obernburg.de\/sonnenhuegel\/wp-json\/wp\/v2\/types\/page"}],"author":[{"embeddable":true,"href":"https:\/\/kindergaerten-obernburg.de\/sonnenhuegel\/wp-json\/wp\/v2\/users\/3"}],"replies":[{"embeddable":true,"href":"https:\/\/kindergaerten-obernburg.de\/sonnenhuegel\/wp-json\/wp\/v2\/comments?post=41"}],"version-history":[{"count":14,"href":"https:\/\/kindergaerten-obernburg.de\/sonnenhuegel\/wp-json\/wp\/v2\/pages\/41\/revisions"}],"predecessor-version":[{"id":309,"href":"https:\/\/kindergaerten-obernburg.de\/sonnenhuegel\/wp-json\/wp\/v2\/pages\/41\/revisions\/309"}],"wp:attachment":[{"href":"https:\/\/kindergaerten-obernburg.de\/sonnenhuegel\/wp-json\/wp\/v2\/media?parent=41"}],"curies":[{"name":"wp","href":"https:\/\/api.w.org\/{rel}","templated":true}]}}