{"id":34,"date":"2023-02-22T10:30:15","date_gmt":"2023-02-22T09:30:15","guid":{"rendered":"https:\/\/dev.kindergaerten-obernburg.de\/sonnenhuegel\/?page_id=34"},"modified":"2026-05-11T16:49:43","modified_gmt":"2026-05-11T14:49:43","slug":"paedagogische-arbeit","status":"publish","type":"page","link":"https:\/\/kindergaerten-obernburg.de\/sonnenhuegel\/paedagogische-arbeit\/","title":{"rendered":"P\u00e4dagogische Arbeit"},"content":{"rendered":"\n<div class=\"wp-block-columns is-layout-flex wp-container-core-columns-is-layout-9d6595d7 wp-block-columns-is-layout-flex\">\n<div class=\"wp-block-column is-layout-flow wp-block-column-is-layout-flow\" style=\"flex-basis:100%\"><\/div>\n<\/div>\n\n\n\n<div class=\"wp-block-columns is-layout-flex wp-container-core-columns-is-layout-9d6595d7 wp-block-columns-is-layout-flex\">\n<div class=\"wp-block-column is-layout-flow wp-block-column-is-layout-flow\">\n<div class=\"wp-block-buttons is-layout-flex wp-block-buttons-is-layout-flex\">\n<div class=\"wp-block-button has-custom-width wp-block-button__width-100\"><a class=\"wp-block-button__link wp-element-button\" href=\"https:\/\/kindergaerten-obernburg.de\/sonnenhuegel\/paedagogische-arbeit\/tagesablauf-kindergarten\/\" style=\"border-radius:0px\">Tagesablauf Kindergarten<\/a><\/div>\n<\/div>\n<\/div>\n\n\n\n<div class=\"wp-block-column is-layout-flow wp-block-column-is-layout-flow\">\n<div class=\"wp-block-buttons is-layout-flex wp-block-buttons-is-layout-flex\">\n<div class=\"wp-block-button has-custom-width wp-block-button__width-100\"><a class=\"wp-block-button__link wp-element-button\" href=\"https:\/\/kindergaerten-obernburg.de\/sonnenhuegel\/paedagogische-arbeit\/tagesablauf-krippe\/\" style=\"border-radius:0px\">Tagesablauf Krippe<\/a><\/div>\n<\/div>\n<\/div>\n<\/div>\n\n\n\n<div class=\"wp-block-columns is-layout-flex wp-container-core-columns-is-layout-9d6595d7 wp-block-columns-is-layout-flex\">\n<div class=\"wp-block-column is-layout-flow wp-block-column-is-layout-flow\">\n<div class=\"wp-block-buttons is-layout-flex wp-block-buttons-is-layout-flex\">\n<div class=\"wp-block-button has-custom-width wp-block-button__width-100\"><a class=\"wp-block-button__link wp-element-button\" href=\"https:\/\/kindergaerten-obernburg.de\/sonnenhuegel\/paedagogische-arbeit\/eingewoehnung-und-uebergaenge\/\" style=\"border-radius:0px\">Eingew\u00f6hnung und \u00dcberg\u00e4nge<\/a><\/div>\n<\/div>\n<\/div>\n\n\n\n<div class=\"wp-block-column is-layout-flow wp-block-column-is-layout-flow\">\n<div class=\"wp-block-buttons is-layout-flex wp-block-buttons-is-layout-flex\">\n<div class=\"wp-block-button has-custom-width wp-block-button__width-100\"><a class=\"wp-block-button__link wp-element-button\" href=\"https:\/\/kindergaerten-obernburg.de\/sonnenhuegel\/wp-content\/uploads\/sites\/4\/2026\/05\/Konzept-Maerz-2026-Sonnenhuegel.pdf\" style=\"border-radius:0px\" target=\"_blank\" rel=\"noreferrer noopener\">Konzeption (PDF)<\/a><\/div>\n<\/div>\n<\/div>\n<\/div>\n","protected":false},"excerpt":{"rendered":"","protected":false},"author":3,"featured_media":0,"parent":0,"menu_order":0,"comment_status":"closed","ping_status":"closed","template":"","meta":{"footnotes":""},"class_list":["post-34","page","type-page","status-publish"],"_links":{"self":[{"href":"https:\/\/kindergaerten-obernburg.de\/sonnenhuegel\/wp-json\/wp\/v2\/pages\/34","targetHints":{"allow":["GET"]}}],"collection":[{"href":"https:\/\/kindergaerten-obernburg.de\/sonnenhuegel\/wp-json\/wp\/v2\/pages"}],"about":[{"href":"https:\/\/kindergaerten-obernburg.de\/sonnenhuegel\/wp-json\/wp\/v2\/types\/page"}],"author":[{"embeddable":true,"href":"https:\/\/kindergaerten-obernburg.de\/sonnenhuegel\/wp-json\/wp\/v2\/users\/3"}],"replies":[{"embeddable":true,"href":"https:\/\/kindergaerten-obernburg.de\/sonnenhuegel\/wp-json\/wp\/v2\/comments?post=34"}],"version-history":[{"count":9,"href":"https:\/\/kindergaerten-obernburg.de\/sonnenhuegel\/wp-json\/wp\/v2\/pages\/34\/revisions"}],"predecessor-version":[{"id":328,"href":"https:\/\/kindergaerten-obernburg.de\/sonnenhuegel\/wp-json\/wp\/v2\/pages\/34\/revisions\/328"}],"wp:attachment":[{"href":"https:\/\/kindergaerten-obernburg.de\/sonnenhuegel\/wp-json\/wp\/v2\/media?parent=34"}],"curies":[{"name":"wp","href":"https:\/\/api.w.org\/{rel}","templated":true}]}}