{"id":30,"date":"2023-02-22T10:28:41","date_gmt":"2023-02-22T09:28:41","guid":{"rendered":"https:\/\/dev.kindergaerten-obernburg.de\/sonnenhuegel\/?page_id=30"},"modified":"2026-03-19T11:37:24","modified_gmt":"2026-03-19T10:37:24","slug":"elternbeirat","status":"publish","type":"page","link":"https:\/\/kindergaerten-obernburg.de\/sonnenhuegel\/elternbeirat\/","title":{"rendered":"Elternbeirat"},"content":{"rendered":"\n<p>F\u00fcr das Kindergartenjahr 2025\/26<\/p>\n\n\n\n<div class=\"wp-block-columns is-layout-flex wp-container-core-columns-is-layout-9d6595d7 wp-block-columns-is-layout-flex\">\n<div class=\"wp-block-column pad15 has-base-background-color has-background is-layout-flow wp-block-column-is-layout-flow\">\n<div style=\"height:15px\" aria-hidden=\"true\" class=\"wp-block-spacer\"><\/div>\n\n\n\n<p><strong>Teresa Spielmann<\/strong>, 1. Vorsitzende<\/p>\n\n\n\n<p><strong>Sandra Klimmer<\/strong>, 2. Vorsitzende<\/p>\n\n\n\n<p><strong>Mona Fornoff<\/strong>, 1. Kassiererin<\/p>\n\n\n\n<p><strong>Lisa Dyroff<\/strong>, 2. Kassiererin<\/p>\n<\/div>\n\n\n\n<div class=\"wp-block-column pad15 has-base-background-color has-background is-layout-flow wp-block-column-is-layout-flow\">\n<div style=\"height:15px\" aria-hidden=\"true\" class=\"wp-block-spacer\"><\/div>\n\n\n\n<p><strong>Helena Platz<\/strong>, 1. Schriftf\u00fchrerin<\/p>\n\n\n\n<p><strong>Anika Fichtl<\/strong>, 2. Schriftf\u00fchrerin<\/p>\n\n\n\n<p><\/p>\n\n\n\n<p><\/p>\n<\/div>\n\n\n\n<div class=\"wp-block-column pad15 has-base-background-color has-background is-layout-flow wp-block-column-is-layout-flow\">\n<div style=\"height:15px\" aria-hidden=\"true\" class=\"wp-block-spacer\"><\/div>\n\n\n\n<p><strong>Beir\u00e4t*innen:<\/strong><\/p>\n\n\n\n<p>Michaela Balmert, Juliane Wehrle, Viktoria Woltman-Dubinitzki, Tanja Kn\u00f6fler, Oliver Blohm, Merve Turhan<\/p>\n<\/div>\n<\/div>\n\n\n\n<p><\/p>\n","protected":false},"excerpt":{"rendered":"<p>F\u00fcr das Kindergartenjahr 2025\/26 Teresa Spielmann, 1. Vorsitzende Sandra Klimmer, 2. Vorsitzende Mona Fornoff, 1. Kassiererin Lisa Dyroff, 2. Kassiererin Helena Platz, 1. Schriftf\u00fchrerin Anika Fichtl, 2. Schriftf\u00fchrerin Beir\u00e4t*innen: Michaela Balmert, Juliane Wehrle, Viktoria Woltman-Dubinitzki, Tanja Kn\u00f6fler, Oliver Blohm, Merve Turhan<\/p>\n","protected":false},"author":3,"featured_media":0,"parent":0,"menu_order":0,"comment_status":"closed","ping_status":"closed","template":"","meta":{"footnotes":""},"class_list":["post-30","page","type-page","status-publish"],"_links":{"self":[{"href":"https:\/\/kindergaerten-obernburg.de\/sonnenhuegel\/wp-json\/wp\/v2\/pages\/30","targetHints":{"allow":["GET"]}}],"collection":[{"href":"https:\/\/kindergaerten-obernburg.de\/sonnenhuegel\/wp-json\/wp\/v2\/pages"}],"about":[{"href":"https:\/\/kindergaerten-obernburg.de\/sonnenhuegel\/wp-json\/wp\/v2\/types\/page"}],"author":[{"embeddable":true,"href":"https:\/\/kindergaerten-obernburg.de\/sonnenhuegel\/wp-json\/wp\/v2\/users\/3"}],"replies":[{"embeddable":true,"href":"https:\/\/kindergaerten-obernburg.de\/sonnenhuegel\/wp-json\/wp\/v2\/comments?post=30"}],"version-history":[{"count":7,"href":"https:\/\/kindergaerten-obernburg.de\/sonnenhuegel\/wp-json\/wp\/v2\/pages\/30\/revisions"}],"predecessor-version":[{"id":310,"href":"https:\/\/kindergaerten-obernburg.de\/sonnenhuegel\/wp-json\/wp\/v2\/pages\/30\/revisions\/310"}],"wp:attachment":[{"href":"https:\/\/kindergaerten-obernburg.de\/sonnenhuegel\/wp-json\/wp\/v2\/media?parent=30"}],"curies":[{"name":"wp","href":"https:\/\/api.w.org\/{rel}","templated":true}]}}