{"id":28,"date":"2023-02-22T10:28:08","date_gmt":"2023-02-22T09:28:08","guid":{"rendered":"https:\/\/dev.kindergaerten-obernburg.de\/sonnenhuegel\/?page_id=28"},"modified":"2023-12-22T15:55:51","modified_gmt":"2023-12-22T14:55:51","slug":"datenschutzerklaerung","status":"publish","type":"page","link":"https:\/\/kindergaerten-obernburg.de\/sonnenhuegel\/datenschutzerklaerung\/","title":{"rendered":"Datenschutzerkl\u00e4rung"},"content":{"rendered":"\n<p>Wir freuen uns \u00fcber Ihren Besuch auf unserer Internetseite. Der Schutz Ihrer personenbezogenen Daten ist uns ein wichtiges Anliegen. Der Zweck dieser Datenschutzerkl\u00e4rung besteht darin, Sie \u00fcber die Verarbeitung Ihrer personenbezogenen Daten beim Besuch unserer Webseite zu informieren.<\/p>\n\n\n\n<h2 class=\"wp-block-heading\">Verantwortlicher<\/h2>\n\n\n\n<p>Verantwortlicher im Sinne des Art. 4 Nr. 7 DSGVO ist derjenige, der allein oder gemeinsam mit anderen \u00fcber die Zwecke und Mittel der Verarbeitung von personenbezogenen Daten entscheidet. Im Hinblick auf unsere Internetseite ist der Verantwortliche:<\/p>\n\n\n\n<p>Stadt Obernburg a. Main<br>R\u00f6merstra\u00dfe 62-64<br>63785 Obernburg a. Main<\/p>\n\n\n\n<h2 class=\"wp-block-heading\">Kontaktdaten des Datenschutzbeauftragten<\/h2>\n\n\n\n<p>Wir haben einen Datenschutzbeauftragten gem. Art. 37 DSGVO bestellt.<br>Unseren Datenschutzbeauftragten erreichen Sie unter den nachfolgenden Kontaktdaten:<\/p>\n\n\n\n<p>Landratsamt Miltenberg<br>Br\u00fcckenstra\u00dfe 2<br>63897 Miltenberg<\/p>\n\n\n\n<p>Eberhard Merten<br>Datenschutzbeauftragter<\/p>\n\n\n\n<p>Tel: 09371 501-325<br>E-Mail: <a href=\"mailto:gem.datenschutz@lra-mil.de\" target=\"_blank\" rel=\"noreferrer noopener\">gem.datenschutz@lra-mil.de<\/a><\/p>\n\n\n\n<h2 class=\"wp-block-heading\">Zwecke und Rechtsgrundlagen f\u00fcr die Verarbeitung personenbezogener Daten<\/h2>\n\n\n\n<p>Zweck der Verarbeitung ist die Erf\u00fcllung der uns vom Gesetzgeber zugewiesenen \u00f6ffentlichen Aufgaben, insbesondere der Information der \u00d6ffentlichkeit.<br>Die Rechtsgrundlage f\u00fcr die Verarbeitung Ihrer Daten ergibt sich, soweit nicht anders angegeben, aus Art. 6 Abs. 1 lit. e DSGVO in Verbindung mit Art. 4 Abs. 1 BayDSG. Demnach ist es uns erlaubt, die zur Erf\u00fcllung einer uns obliegenden Aufgabe erforderlichen Daten zu verarbeiten.<\/p>\n\n\n\n<h2 class=\"wp-block-heading\">Empf\u00e4nger von personenbezogenen Daten<\/h2>\n\n\n\n<p>Gegebenenfalls werden Ihre Daten an die zust\u00e4ndigen Aufsichts- und Rechnungspr\u00fcfungsbeh\u00f6rden zur Wahrnehmung der jeweiligen Kontrollrechte \u00fcbermittelt. Zur Abwehr von Gefahren f\u00fcr die Sicherheit in der Informationstechnik k\u00f6nnen bei elektronischer \u00dcbermittlung Daten an das Landesamt f\u00fcr Sicherheit in der Informationstechnik weitergeleitet werden und dort auf Grundlage der Art. 12 ff. des Bayerischen E-Government-Gesetzes verarbeitet werden.<\/p>\n\n\n\n<h2 class=\"wp-block-heading\">Dauer der Speicherung der personenbezogenen Daten<\/h2>\n\n\n\n<p>Ihre Daten werden nur so lange gespeichert, wie dies unter Beachtung gesetzlicher Aufbewahrungsfristen zur Aufgabenerf\u00fcllung erforderlich ist.<\/p>\n\n\n\n<h2 class=\"wp-block-heading\">Technische Umsetzung<\/h2>\n\n\n\n<p>Die Website l\u00e4uft im Netzwerk von IONOS SE. Der Serverstandort ist Deutschland.<\/p>\n\n\n\n<h2 class=\"wp-block-heading\">Protokollierung<\/h2>\n\n\n\n<p>Wenn Sie diese oder andere Internetseiten aufrufen, \u00fcbermitteln Sie \u00fcber Ihren Internetbrowser Daten an unseren Webserver.<\/p>\n\n\n\n<p>Die folgenden Daten werden w\u00e4hrend einer laufenden Verbindung zur Kommunikation zwischen Ihrem Internetbrowser und unserem Webserver aufgezeichnet:<\/p>\n\n\n\n<ul class=\"wp-block-list\">\n<li>Datum und Uhrzeit der Anforderung<\/li>\n\n\n\n<li>Name der angeforderten Datei<\/li>\n\n\n\n<li>Seite, von der aus die Datei angefordert wurde<\/li>\n\n\n\n<li>Zugriffsstatus (Datei \u00fcbertragen, Datei nicht gefunden, etc.)<\/li>\n\n\n\n<li>verwendete Webbrowser und verwendetes Betriebssystem<\/li>\n\n\n\n<li>vollst\u00e4ndige IP-Adresse des anfordernden Rechners<\/li>\n\n\n\n<li>\u00fcbertragene Datenmenge.<\/li>\n<\/ul>\n\n\n\n<p>Aus Gr\u00fcnden der technischen Sicherheit, insbesondere zur Abwehr von Angriffsversuchen auf unseren Webserver, werden diese Daten von uns gespeichert. Nach sp\u00e4testens sieben Tagen werden die Daten durch Verk\u00fcrzung der IP-Adresse auf Domain-Ebene anonymisiert, so dass es nicht mehr m\u00f6glich ist, einen Bezug auf einzelne Nutzer herzustellen.<\/p>\n\n\n\n<h2 class=\"wp-block-heading\">Aktive Komponenten<\/h2>\n\n\n\n<p>Wir verwenden JavaScript. Diese Funktion kann durch die Einstellung Ihres Internetbrowsers von Ihnen abgeschaltet werden. Bei Abschaltung ist jedoch mit Darstellungsfehlern zu rechnen.<\/p>\n\n\n\n<h2 class=\"wp-block-heading\">Verarbeitung von Daten au\u00dferhalb der EU<\/h2>\n\n\n\n<p>Eine m\u00f6gliche Daten\u00fcbermittlung in die USA erfolgt auf Grundlage des Angemessenheitsbeschlusses der EU-Kommission f\u00fcr das EU-U.S. Data Privacy Framework (vgl. Art. 45 DSGVO). Vom EU-U.S. Data Privacy Framework erfasst werden nahezu alle \u00dcbermittlungen personenbezogener Daten an US-Unternehmen, die sich im Rahmen eines Zertifizierungsmechanismus zur Einhaltung von bestimmten Datenschutzgrunds\u00e4tzen verpflichtet haben.<br>Bei der Einbindung externer Anbieter sowie bei der Nutzung unseres Social Media-Angebots k\u00f6nnen Daten auch ohne geeignete Garantien i.S.d. Art. 46 DSGVO an Unternehmen und Rechenzentren in Nicht-EU-L\u00e4ndern ohne angemessenes Datenschutzniveau \u00fcbertragen werden. Es bestehen vor allem die Risiken, das keine wirksamen Rechtsbehelfe eingelegt sowie die Betroffenenrechte nicht durchgesetzt werden k\u00f6nnen.<\/p>\n\n\n\n<h2 class=\"wp-block-heading\">Einbindung externer Anbieter<\/h2>\n\n\n\n<p><strong>dFactory<\/strong><br>Diese Website https:\/\/www.dfactorybcn.com\/ verwendet das Cookie-Consent-Tool des Anbieters dFactory, um Ihre Cookie-Pr\u00e4ferenz zu speichern. Informationen zur Verwaltung der Cookies stehen unter <a href=\"https:\/\/www.dfactorybcn.com\/cookies-policy\/\" target=\"_blank\" rel=\"noreferrer noopener\">https:\/\/www.dfactorybcn.com\/cookies-policy\/<\/a><br>Die vorgenannte Verarbeitung erfolgt gem\u00e4\u00df auf Grundlage der Bereitstellung eines Cookie-Pr\u00e4ferenzmanagements. In einem technisch notwendigen Cookie wird Ihre gew\u00e4hlte Pr\u00e4ferenz gespeichert, die Sie beim Betreten der Website ausgew\u00e4hlt haben. M\u00f6chten Sie diese Einstellungen widerrufen, l\u00f6schen Sie einfach die Cookies in Ihrem Browser. Wenn Sie die Website neu laden, werden Sie erneut nach Ihrer Cookie-Pr\u00e4ferenz gefragt.<\/p>\n\n\n\n<p>Wir informieren Sie in unserem Consent-Banner \u00fcber den Einsatz von Cookies auf unserer Webseite. \u00dcber diesen haben Sie die M\u00f6glichkeit Ihre Einwilligung zu bestimmten Cookies zu geben oder wieder zu entziehen.<\/p>\n\n\n\n<p>Sie k\u00f6nnen das Setzen von Cookies in Ihrem Browser jederzeit verhindern. Anweisungen zum Blockieren, L\u00f6schen oder Deaktivieren von Cookies finden Sie in den Abschnitten \u201cHilfe\u201d oder \u201cSupport\u201d Ihres Browsers. Bitte beachten Sie, dass Sie durch das L\u00f6schen unserer Cookies oder das Deaktivieren zuk\u00fcnftiger Cookies m\u00f6glicherweise nicht auf bestimmte Bereiche oder Funktionen unserer Website zugreifen k\u00f6nnen.<br>Informationen zur Verwaltung und Sperrung von Cookies in Ihrem Browser finden Sie unter den folgenden Links:<br>Explorer: <a href=\"http:\/\/windows.microsoft.com\/de-de\/internet-explorer\/delete-manage-cookies#ie=ie-11\" target=\"_blank\" rel=\"noreferrer noopener\">http:\/\/windows.microsoft.com\/de-de\/internet-explorer\/delete-manage-cookies#ie=ie-11<\/a><br>Firefox: <a href=\"https:\/\/support.mozilla.org\/de-DE\/kb\/enable-and-disable-cookies-website-preferences\">https:\/\/support.mozilla.org\/de-DE\/kb\/enable-and-disable-cookies-website-preferences<\/a><br>Chrome: <a href=\"https:\/\/support.google.com\/chrome\/answer\/95647?hl=de\" target=\"_blank\" rel=\"noreferrer noopener\">https:\/\/support.google.com\/chrome\/answer\/95647?hl=de<\/a><br>Safari: <a href=\"https:\/\/support.apple.com\/kb\/PH19214?locale=de_DE\" target=\"_blank\" rel=\"noreferrer noopener\">https:\/\/support.apple.com\/kb\/PH19214?locale=de_DE<\/a><\/p>\n\n\n\n<h2 class=\"wp-block-heading\">Kommunikation per E-Mail<\/h2>\n\n\n\n<p>Ihre personenbezogenen Daten werden durch technische und organisatorische Ma\u00dfnahmen so bei der Erhebung, Speicherung und Verarbeitung gesch\u00fctzt, dass sie f\u00fcr Dritte nicht zug\u00e4nglich sind. Bei einer unverschl\u00fcsselten Kommunikation per E-Mail kann die vollst\u00e4ndige Datensicherheit auf dem \u00dcbertragungsweg zu unseren IT-Systemen von uns nicht gew\u00e4hrleistet werden, sodass wir bei Informationen mit hohem Geheimhaltungsbed\u00fcrfnis eine verschl\u00fcsselte Kommunikation oder den Postweg empfehlen.<\/p>\n\n\n\n<h2 class=\"wp-block-heading\">Ihre Anspr\u00fcche und Rechte<\/h2>\n\n\n\n<p><strong>Auskunftsanspruch<\/strong><br>Sie haben das Recht, eine Best\u00e4tigung dar\u00fcber zu verlangen, ob wir personenbezogene Daten von Ihnen verarbeiten. Sofern dies der Fall ist, haben Sie ein Recht auf Auskunft \u00fcber die in Art. 15 Abs. 1 DSGVO benannten Informationen, soweit nicht die Rechte und Freiheiten anderer Personen beeintr\u00e4chtigt werden (vgl. Art. 15 Abs. 4 DSGVO). Gerne stellen wir Ihnen auch eine Kopie der Daten zur Verf\u00fcgung.<\/p>\n\n\n\n<p><strong>Berichtigungsanspruch<\/strong><br>Sie haben gem. Art. 16 DSGVO das Recht, bei uns ggf. falsch hinterlegte personenbezogene Daten (wie z.B. Adresse, Name, etc.) jederzeit korrigieren zu lassen. Auch k\u00f6nnen Sie jederzeit eine Vervollst\u00e4ndigung der bei uns gespeicherten Daten verlangen. Eine entsprechende Anpassung erfolgt unverz\u00fcglich.<\/p>\n\n\n\n<p><strong>Recht auf L\u00f6schung<\/strong><br>Sie haben gem. Art. 17 Abs. Abs. 1 DSGVO das Recht darauf, dass wir die \u00fcber Sie erhobenen personenbezogenen Daten l\u00f6schen, wenn die Daten entweder nicht mehr ben\u00f6tigt werden; aufgrund des Widerrufs Ihrer Einwilligung die Rechtsgrundlage der Verarbeitung ersatzlos entfallen ist; Sie Widerspruch gegen die Verarbeitung eingelegt haben und keine berechtigten Gr\u00fcnde f\u00fcr die Verarbeitung vorliegen; Ihre Daten unrechtm\u00e4\u00dfig verarbeitet werden; eine rechtliche Verpflichtung dies erfordert oder eine Erhebung gem. Art. 8 Abs. 1 DSGVO stattgefunden hat.<br>Das Recht besteht gem. Art. 17 Abs. 3 DSGVO dann nicht, wenn die Verarbeitung zur Aus\u00fcbung des Rechtes auf freie Meinungs\u00e4u\u00dferung und Information erforderlich ist; Ihre Daten auf Grundlage einer rechtlichen Verpflichtung erhoben worden sind; die Verarbeitung aus Gr\u00fcnden des \u00f6ffentlichen Interesses erforderlich ist; die Daten zur Geltendmachung, Aus\u00fcbung oder Verteidigung von Rechtsanspr\u00fcchen erforderlich sind.<\/p>\n\n\n\n<p><strong>Recht auf Einschr\u00e4nkung der Verarbeitung<\/strong><br>Gem. Art. 18 Abs. 1 DSGVO haben Sie in einzelnen F\u00e4llen das Recht, die Einschr\u00e4nkung der Verarbeitung Ihrer personenbezogenen Daten zu verlangen. Dies ist dann der Fall, wenn die Richtigkeit der personenbezogenen Daten von Ihnen bestritten wird; die Verarbeitung unrechtm\u00e4\u00dfig ist und Sie einer L\u00f6schung nicht zustimmen; die Daten nicht l\u00e4nger f\u00fcr den Verarbeitungszweck ben\u00f6tigt werden, aber die erhobenen Daten der Geltendmachung, Aus\u00fcbung oder Verteidigung von Rechtsanspr\u00fcchen dienen; ein Widerspruch gegen die Verarbeitung gem. Art. 21 Abs. 1 DSGVO eingelegt worden ist und noch unklar ist, welche Interessen \u00fcberwiegen.<\/p>\n\n\n\n<p><strong>Recht auf Widerruf<\/strong><br>Sofern Sie uns eine ausdr\u00fcckliche Einwilligung in die Verarbeitung Ihrer personenbezogenen Daten erteilt haben (Art. 6 Abs. 1 lit. a DSGVO) k\u00f6nnen Sie diese jederzeit widerrufen. Bitte beachten Sie, dass die Rechtm\u00e4\u00dfigkeit der aufgrund der Einwilligung bis zum Widerruf erfolgten Verarbeitung hierdurch nicht ber\u00fchrt wird.<\/p>\n\n\n\n<p><strong>Recht auf Widerspruch<\/strong><br>Sie haben gem. Art. 21 DSGVO das Recht, jederzeit gegen die Verarbeitung Sie betreffender personenbezogener Daten, die aufgrund von Art. 6 Abs. 1 lit. f DSGVO (im Rahmen eines berechtigten Interesses) erhoben worden sind, Widerspruch einzulegen. Das Recht steht Ihnen nur zu, wenn gegen die Speicherung und Verarbeitung besondere Umst\u00e4nde sprechen.<\/p>\n\n\n\n<p><strong>Recht auf Daten\u00fcbertragbarkeit<\/strong><br>Sie haben gem. Art. 20 DSGVO einen Anspruch auf \u00dcbermittlung der Sie betreffenden personenbezogenen Daten. Die Daten werden von uns in einem strukturierten, g\u00e4ngigen und maschinenlesbaren Format zur Verf\u00fcgung gestellt. Die Daten k\u00f6nnen hierbei wahlweise an Sie selbst oder an einen von Ihnen benannten Verantwortlichen \u00fcbersendet werden. Wir stellen Ihnen auf Anfrage gem. Art. 20 Abs. 1 DSGVO folgende Daten bereit:<br>Daten, die aufgrund einer ausdr\u00fccklichen Einwilligung gem. Art. 6 Abs. 1 lit. a DSGVO oder Art. 9 Abs. 2 lit. a DSGVO erhoben wurden; Daten, die wir gem\u00e4\u00df gem. Art. 6 Abs. 1 lit. b DSGVO im Rahmen bestehender Vertr\u00e4ge von Ihnen erhalten haben; Daten, die im Rahmen eines automatisierten Verfahrens verarbeitet worden sind.<br>Die \u00dcbertragung der personenbezogenen Daten direkt an einen von Ihnen gew\u00fcnschten Verantwortlichen werden wir vornehmen, soweit dies technisch machbar ist. Bitte beachten Sie, dass wir Daten, die in die Freiheiten und Rechte anderer Personen eingreifen gem. Art. 20 Abs. 4 DSGVO nicht \u00fcbertragen d\u00fcrfen.<\/p>\n\n\n\n<p><strong>Wie nehme ich meine Rechte wahr?<\/strong><br>Ihre Rechte k\u00f6nnen Sie jederzeit wahrnehmen, indem Sie sich an die oben genannte verantwortliche Stelle wenden.<\/p>\n\n\n\n<p><strong>Beschwerderecht bei der Aufsichtsbeh\u00f6rde gem. Art. 77 Abs.1 DSGVO<\/strong><br>Es steht Ihnen gem. Art. 77 Abs. 1 DSGVO die M\u00f6glichkeit zur Verf\u00fcgung, sich an eine Aufsichtsbeh\u00f6rde zu wenden. Das Beschwerderecht gem. Art. 77 DSGVO steht Ihnen in dem EU-Mitgliedstaat Ihres Aufenthaltsortes, Ihres Arbeitsplatzes und\/oder des Ortes des vermeintlichen Versto\u00dfes zu, d.h. Sie k\u00f6nnen die Aufsichtsbeh\u00f6rde, an die Sie sich wenden, aus den oben genannten Orten w\u00e4hlen.<\/p>\n\n\n\n<p>Die f\u00fcr den Verantwortlichen zust\u00e4ndige Aufsichtsbeh\u00f6rde ist:<br>Der Bayerische Landesbeauftragte f\u00fcr den Datenschutz<br>Postfach 22 12 19, 80502 M\u00fcnchen (Postanschrift)<br>Wagm\u00fcllerstra\u00dfe 18, 80538 M\u00fcnchen (Hausanschrift)<br>Telefon: 089 212672 0<br>Fax: 089 212672 50<br>E-Mail: <a href=\"mailto:poststelle@datenschutz-bayern.de\">poststelle@datenschutz-bayern.de<\/a><\/p>\n","protected":false},"excerpt":{"rendered":"<p>Wir freuen uns \u00fcber Ihren Besuch auf unserer Internetseite. Der Schutz Ihrer personenbezogenen Daten ist uns ein wichtiges Anliegen. Der Zweck dieser Datenschutzerkl\u00e4rung besteht darin, Sie \u00fcber die Verarbeitung Ihrer personenbezogenen Daten beim Besuch unserer Webseite zu informieren. Verantwortlicher Verantwortlicher im Sinne des Art. 4 Nr. 7 DSGVO ist derjenige, der allein oder gemeinsam mit &#8230; <a title=\"Datenschutzerkl\u00e4rung\" class=\"read-more\" href=\"https:\/\/kindergaerten-obernburg.de\/sonnenhuegel\/datenschutzerklaerung\/\" aria-label=\"Mehr Informationen \u00fcber Datenschutzerkl\u00e4rung\">Weiterlesen<\/a><\/p>\n","protected":false},"author":3,"featured_media":0,"parent":0,"menu_order":0,"comment_status":"closed","ping_status":"closed","template":"","meta":{"footnotes":""},"class_list":["post-28","page","type-page","status-publish"],"_links":{"self":[{"href":"https:\/\/kindergaerten-obernburg.de\/sonnenhuegel\/wp-json\/wp\/v2\/pages\/28","targetHints":{"allow":["GET"]}}],"collection":[{"href":"https:\/\/kindergaerten-obernburg.de\/sonnenhuegel\/wp-json\/wp\/v2\/pages"}],"about":[{"href":"https:\/\/kindergaerten-obernburg.de\/sonnenhuegel\/wp-json\/wp\/v2\/types\/page"}],"author":[{"embeddable":true,"href":"https:\/\/kindergaerten-obernburg.de\/sonnenhuegel\/wp-json\/wp\/v2\/users\/3"}],"replies":[{"embeddable":true,"href":"https:\/\/kindergaerten-obernburg.de\/sonnenhuegel\/wp-json\/wp\/v2\/comments?post=28"}],"version-history":[{"count":4,"href":"https:\/\/kindergaerten-obernburg.de\/sonnenhuegel\/wp-json\/wp\/v2\/pages\/28\/revisions"}],"predecessor-version":[{"id":171,"href":"https:\/\/kindergaerten-obernburg.de\/sonnenhuegel\/wp-json\/wp\/v2\/pages\/28\/revisions\/171"}],"wp:attachment":[{"href":"https:\/\/kindergaerten-obernburg.de\/sonnenhuegel\/wp-json\/wp\/v2\/media?parent=28"}],"curies":[{"name":"wp","href":"https:\/\/api.w.org\/{rel}","templated":true}]}}