{"id":253,"date":"2025-06-27T12:13:23","date_gmt":"2025-06-27T10:13:23","guid":{"rendered":"https:\/\/kindergaerten-obernburg.de\/sonnenhuegel\/?page_id=253"},"modified":"2025-06-27T14:06:37","modified_gmt":"2025-06-27T12:06:37","slug":"barrierefreiheit","status":"publish","type":"page","link":"https:\/\/kindergaerten-obernburg.de\/sonnenhuegel\/barrierefreiheit\/","title":{"rendered":"Erkl\u00e4rung zur Barrierefreiheit"},"content":{"rendered":"\n<p>Die Stadt Obernburg setzt sich f\u00fcr die digitale Barrierefreiheit f\u00fcr Menschen mit Behinderungen ein. Wir verbessern kontinuierlich das Nutzererlebnis und wenden die relevanten Barrierefreiheitsstandards an.<\/p>\n\n\n\n<h2 class=\"wp-block-heading\">Konformit\u00e4tsstatus<\/h2>\n\n\n\n<p>Die Richtlinien f\u00fcr barrierefreie Webinhalte (WCAG) definieren Anforderungen an Designer und Entwickler zur Verbesserung der Barrierefreiheit f\u00fcr Menschen mit Behinderungen. Sie unterscheiden drei Konformit\u00e4tsstufen: Stufe A, Stufe AA und Stufe AAA.<\/p>\n\n\n\n<p>Die Stadt Obernburg arbeitet kontinuierlich daran, die Barrierefreiheit ihrer Website und Dienste zu verbessern. Wir sind \u00fcberzeugt, dass es unsere gemeinsame moralische Verpflichtung ist, Menschen mit Behinderungen eine nahtlose, barrierefreie und ungehinderte Nutzung zu erm\u00f6glichen.<\/p>\n\n\n\n<p>Wir sind bestrebt, alle Seiten und Inhalte auf https:\/\/kindergaerten-obernburg.de barrierefrei zu gestalten. Einige Inhalte entsprechen jedoch m\u00f6glicherweise noch nicht den h\u00f6chsten Barrierefreiheitsstandards. Dies kann auf Schwierigkeiten bei der Suche nach der am besten geeigneten technischen L\u00f6sung zur\u00fcckzuf\u00fchren sein.<\/p>\n\n\n\n<p>Wir werden diese Erkl\u00e4rung regelm\u00e4\u00dfig \u00fcberarbeiten, um Verbesserungen oder \u00c4nderungen unserer Barrierefreiheitspraktiken zu ber\u00fccksichtigen.<\/p>\n\n\n\n<h2 class=\"wp-block-heading\">Feedback<\/h2>\n\n\n\n<p>Wir freuen uns \u00fcber Ihr Feedback zur Barrierefreiheit der Website der Stadt Obernburg. Bitte informieren Sie uns, wenn Sie auf unserer Website auf Barrieren sto\u00dfen:<\/p>\n\n\n\n<p>E-Mail: <a href=\"mailto:edv@obernburg.de\">edv@obernburg.de<\/a><\/p>\n\n\n\n<p>Wir bem\u00fchen uns, Ihr Feedback innerhalb von 3\u20135 Werktagen zu beantworten.<\/p>\n\n\n\n<p>Diese Erkl\u00e4rung wurde am 27.6.2025 erstellt.<\/p>\n\n\n\n<p><\/p>\n","protected":false},"excerpt":{"rendered":"<p>Die Stadt Obernburg setzt sich f\u00fcr die digitale Barrierefreiheit f\u00fcr Menschen mit Behinderungen ein. Wir verbessern kontinuierlich das Nutzererlebnis und wenden die relevanten Barrierefreiheitsstandards an. Konformit\u00e4tsstatus Die Richtlinien f\u00fcr barrierefreie Webinhalte (WCAG) definieren Anforderungen an Designer und Entwickler zur Verbesserung der Barrierefreiheit f\u00fcr Menschen mit Behinderungen. Sie unterscheiden drei Konformit\u00e4tsstufen: Stufe A, Stufe AA und &#8230; <a title=\"Erkl\u00e4rung zur Barrierefreiheit\" class=\"read-more\" href=\"https:\/\/kindergaerten-obernburg.de\/sonnenhuegel\/barrierefreiheit\/\" aria-label=\"Mehr Informationen \u00fcber Erkl\u00e4rung zur Barrierefreiheit\">Weiterlesen<\/a><\/p>\n","protected":false},"author":3,"featured_media":0,"parent":0,"menu_order":0,"comment_status":"closed","ping_status":"closed","template":"","meta":{"footnotes":""},"class_list":["post-253","page","type-page","status-publish"],"_links":{"self":[{"href":"https:\/\/kindergaerten-obernburg.de\/sonnenhuegel\/wp-json\/wp\/v2\/pages\/253","targetHints":{"allow":["GET"]}}],"collection":[{"href":"https:\/\/kindergaerten-obernburg.de\/sonnenhuegel\/wp-json\/wp\/v2\/pages"}],"about":[{"href":"https:\/\/kindergaerten-obernburg.de\/sonnenhuegel\/wp-json\/wp\/v2\/types\/page"}],"author":[{"embeddable":true,"href":"https:\/\/kindergaerten-obernburg.de\/sonnenhuegel\/wp-json\/wp\/v2\/users\/3"}],"replies":[{"embeddable":true,"href":"https:\/\/kindergaerten-obernburg.de\/sonnenhuegel\/wp-json\/wp\/v2\/comments?post=253"}],"version-history":[{"count":2,"href":"https:\/\/kindergaerten-obernburg.de\/sonnenhuegel\/wp-json\/wp\/v2\/pages\/253\/revisions"}],"predecessor-version":[{"id":255,"href":"https:\/\/kindergaerten-obernburg.de\/sonnenhuegel\/wp-json\/wp\/v2\/pages\/253\/revisions\/255"}],"wp:attachment":[{"href":"https:\/\/kindergaerten-obernburg.de\/sonnenhuegel\/wp-json\/wp\/v2\/media?parent=253"}],"curies":[{"name":"wp","href":"https:\/\/api.w.org\/{rel}","templated":true}]}}