{"id":51,"date":"2023-02-21T15:38:23","date_gmt":"2023-02-21T14:38:23","guid":{"rendered":"https:\/\/dev.kindergaerten-obernburg.de\/abenteuerhaus\/?page_id=51"},"modified":"2023-11-17T11:22:35","modified_gmt":"2023-11-17T10:22:35","slug":"konzeption","status":"publish","type":"page","link":"https:\/\/kindergaerten-obernburg.de\/abenteuerhaus\/paedagogik\/konzeption\/","title":{"rendered":"Konzeption"},"content":{"rendered":"\n<p><\/p>\n\n\n\n<div class=\"wp-block-columns is-layout-flex wp-container-core-columns-is-layout-9d6595d7 wp-block-columns-is-layout-flex\">\n<div class=\"wp-block-column is-layout-flow wp-block-column-is-layout-flow\" style=\"flex-basis:66.66%\">\n<p>Liebe Familien, unsere Konzeption haben wir 2023 \u00fcberarbeitet und an unsere neu angebaute Kita angepasst. <\/p>\n\n\n\n<p>Wir freuen uns auf interessierte Leser*innen und sind f\u00fcr ihre R\u00fcckfragen oder Anmerkungen dankbar. <\/p>\n\n\n\n<p>Wir werden die Konzeption noch mit Bildern unserer Kita versch\u00f6nern, daf\u00fcr sammeln wir gerade sch\u00f6ne Bilder!<\/p>\n\n\n\n<p>Das Schutzkonzept unserer Kita kann bei uns im Abenteuerhaus gerne eingesehen werden.<\/p>\n<\/div>\n\n\n\n<div class=\"wp-block-column has-base-3-color has-obb-orange-background-color has-text-color has-background is-layout-flow wp-block-column-is-layout-flow\" style=\"flex-basis:33.33%\">\n<div style=\"height:20px\" aria-hidden=\"true\" class=\"wp-block-spacer\"><\/div>\n\n\n\n<h2 class=\"wp-block-heading has-text-align-center has-base-3-color has-text-color\"><strong>Download<\/strong><\/h2>\n\n\n\n<div class=\"wp-block-buttons is-content-justification-center is-layout-flex wp-container-core-buttons-is-layout-16018d1d wp-block-buttons-is-layout-flex\">\n<div class=\"wp-block-button\"><a class=\"wp-block-button__link wp-element-button\" href=\"https:\/\/kindergaerten-obernburg.de\/abenteuerhaus\/wp-content\/uploads\/sites\/5\/2023\/06\/Konzeption-Kita-Abenteuerhaus-Stand-April-2023.pdf\" style=\"border-radius:0px\">Konzeption Abenteuerhaus<\/a><\/div>\n<\/div>\n\n\n\n<p> <\/p>\n\n\n\n<p class=\"has-text-align-center\">Stand April 2023 <\/p>\n<\/div>\n<\/div>\n\n\n\n<p><\/p>\n\n\n\n<p><\/p>\n\n\n\n<p><\/p>\n","protected":false},"excerpt":{"rendered":"<p>Liebe Familien, unsere Konzeption haben wir 2023 \u00fcberarbeitet und an unsere neu angebaute Kita angepasst. Wir freuen uns auf interessierte Leser*innen und sind f\u00fcr ihre R\u00fcckfragen oder Anmerkungen dankbar. Wir werden die Konzeption noch mit Bildern unserer Kita versch\u00f6nern, daf\u00fcr sammeln wir gerade sch\u00f6ne Bilder! Das Schutzkonzept unserer Kita kann bei uns im Abenteuerhaus gerne &#8230; <a title=\"Konzeption\" class=\"read-more\" href=\"https:\/\/kindergaerten-obernburg.de\/abenteuerhaus\/paedagogik\/konzeption\/\" aria-label=\"Mehr Informationen \u00fcber Konzeption\">Weiterlesen<\/a><\/p>\n","protected":false},"author":3,"featured_media":0,"parent":47,"menu_order":0,"comment_status":"closed","ping_status":"closed","template":"","meta":{"footnotes":""},"class_list":["post-51","page","type-page","status-publish"],"_links":{"self":[{"href":"https:\/\/kindergaerten-obernburg.de\/abenteuerhaus\/wp-json\/wp\/v2\/pages\/51","targetHints":{"allow":["GET"]}}],"collection":[{"href":"https:\/\/kindergaerten-obernburg.de\/abenteuerhaus\/wp-json\/wp\/v2\/pages"}],"about":[{"href":"https:\/\/kindergaerten-obernburg.de\/abenteuerhaus\/wp-json\/wp\/v2\/types\/page"}],"author":[{"embeddable":true,"href":"https:\/\/kindergaerten-obernburg.de\/abenteuerhaus\/wp-json\/wp\/v2\/users\/3"}],"replies":[{"embeddable":true,"href":"https:\/\/kindergaerten-obernburg.de\/abenteuerhaus\/wp-json\/wp\/v2\/comments?post=51"}],"version-history":[{"count":13,"href":"https:\/\/kindergaerten-obernburg.de\/abenteuerhaus\/wp-json\/wp\/v2\/pages\/51\/revisions"}],"predecessor-version":[{"id":544,"href":"https:\/\/kindergaerten-obernburg.de\/abenteuerhaus\/wp-json\/wp\/v2\/pages\/51\/revisions\/544"}],"up":[{"embeddable":true,"href":"https:\/\/kindergaerten-obernburg.de\/abenteuerhaus\/wp-json\/wp\/v2\/pages\/47"}],"wp:attachment":[{"href":"https:\/\/kindergaerten-obernburg.de\/abenteuerhaus\/wp-json\/wp\/v2\/media?parent=51"}],"curies":[{"name":"wp","href":"https:\/\/api.w.org\/{rel}","templated":true}]}}